{"id":13465,"date":"2022-11-14T23:17:05","date_gmt":"2022-11-14T16:17:05","guid":{"rendered":"https:\/\/buithanhkhoa.com\/?page_id=13465"},"modified":"2024-03-22T15:28:35","modified_gmt":"2024-03-22T08:28:35","slug":"13465-2","status":"publish","type":"page","link":"https:\/\/buithanhkhoa.com\/?page_id=13465","title":{"rendered":"Th\u1ed1ng k\u00ea v\u00e0 d\u1ef1 b\u00e1o trong kinh doanh"},"content":{"rendered":"<p style=\"text-align: center;\"><span style=\"font-size: 18pt; color: #0000ff;\"><strong>TH\u1ed0NG K\u00ca V\u00c0 D\u1ef0 B\u00c1O TRONG KINH DOANH<\/strong><\/span><\/p>\n<p><span style=\"color: #000000;\"><strong>Gi\u1ea3ng vi\u00ean: <\/strong>Ti\u1ebfn s\u0129 B\u00f9i Th\u00e0nh Khoa (<a href=\"https:\/\/buithanhkhoa.com\/\">buithanhkhoa.com<\/a>)<\/span><\/p>\n<p><span style=\"color: #000000;\"><strong>Y\u00eau c\u1ea7u:<\/strong><\/span><\/p>\n<ul>\n<li><span style=\"color: #000000;\">H\u1ecdc vi\u00ean \u0111\u1ea3m b\u1ea3o tham gia t\u1ed1i thi\u1ec3u 80% gi\u1edd h\u1ecdc tr\u00ean l\u1edbp<\/span><\/li>\n<li><span style=\"color: #000000;\">H\u1ecdc vi\u00ean c\u00e0i \u0111\u1eb7t ph\u1ea7n m\u1ec1m SPSS v\u00e0 mang m\u00e1y t\u00ednh c\u00e1 nh\u00e2n (laptop) khi tham gia l\u1edbp h\u1ecdc<\/span><\/li>\n<li><span style=\"color: #000000;\">T\u1ef7 l\u1ec7 \u0111\u1ea1o v\u0103n kh\u00f4ng \u0111\u01b0\u1ee3c v\u01b0\u1ee3t qu\u00e1 30% (<a style=\"color: #000000;\" href=\"https:\/\/searchenginereports.net\/vi\/plagiarism-checker\">https:\/\/searchenginereports.net\/vi\/plagiarism-checker<\/a>).<\/span><\/li>\n<\/ul>\n<p><span style=\"color: #000000;\"><strong>Ph\u1ea7n m\u1ec1m:<\/strong> Statistical Package for the Social Sciences (SPSS), phi\u00ean b\u1ea3n 20 &#8211; <a style=\"color: #000000;\" href=\"https:\/\/drive.google.com\/file\/d\/1O7BZaN801KzVHV5oGcIIdLDYOMb-mnpB\/view?usp=share_link\">T\u1ea3i t\u1ea1i \u0111\u00e2y<\/a><\/span><\/p>\n<p><span style=\"color: #000000;\"><strong>D\u1eef li\u1ec7u th\u1ef1c h\u00e0nh:<\/strong> \u00a0<a style=\"color: #000000;\" href=\"https:\/\/drive.google.com\/drive\/folders\/1CR0aRwi8c_azmPU7KBKj_1PbGdu2hJpm?usp=share_link\">T\u1ea3i t\u1ea1i \u0111\u00e2y<\/a><\/span><\/p>\n<p><span style=\"color: #000000;\"><strong>N\u1ed9i dung:<\/strong><\/span><\/p>\n<p><span style=\"color: #000000;\"><strong><em>Chuy\u00ean \u0111\u1ec1 1. L\u00fd thuy\u1ebft li\u00ean quan th\u1ed1ng k\u00ea v\u00e0 d\u1ef1 b\u00e1o trong kinh doanh<\/em><\/strong><\/span><\/p>\n<ul>\n<li><span style=\"color: #000000;\">Kh\u00e1i ni\u1ec7m v\u1ec1 th\u1ed1ng k\u00ea v\u00e0 d\u1ef1 b\u00e1o<\/span><\/li>\n<li><span style=\"color: #000000;\">D\u1eef li\u1ec7u v\u00e0 m\u00f4 h\u00ecnh DIKW<\/span><\/li>\n<li><span style=\"color: #000000;\">L\u00fd thuy\u1ebft ch\u1ecdn m\u1eabu<\/span><\/li>\n<li><span style=\"color: #000000;\">X\u00e2y d\u1ef1ng b\u1ea3ng c\u00e2u h\u1ecfi<\/span><\/li>\n<li><span style=\"color: #000000;\">Gi\u1edbi thi\u1ec7u ph\u1ea7n m\u1ec1m SPSS<\/span><\/li>\n<li><span style=\"color: #000000;\">Th\u1ef1c h\u00e0nh x\u00e2y d\u1ef1ng b\u1ea3ng c\u00e2u h\u1ecfi v\u00e0 nh\u1eadp li\u1ec7u<\/span><\/li>\n<\/ul>\n<p><a href=\"https:\/\/drive.google.com\/file\/d\/1g7fac57nWSOHOdWNIe_0t_EzZluFz-bB\/view?usp=share_link\">T\u00e0i li\u1ec7u<\/a><\/p>\n<p><span style=\"color: #000000;\"><strong><em>Chuy\u00ean \u0111\u1ec1 2. Th\u1ed1ng k\u00ea m\u00f4 t\u1ea3<\/em><\/strong><\/span><\/p>\n<ul>\n<li><span style=\"color: #000000;\">X\u1eed l\u00fd d\u1eef li\u1ec7u<\/span><\/li>\n<li><span style=\"color: #000000;\">Th\u1ed1ng k\u00ea d\u1eef li\u1ec7u v\u1edbi xu h\u01b0\u1edbng t\u1eadp trung<\/span><\/li>\n<li><span style=\"color: #000000;\">Th\u1ed1ng k\u00ea d\u1eef li\u1ec7u v\u1edbi xu h\u01b0\u1edbng ph\u00e2n t\u00e1n<\/span><\/li>\n<li><span style=\"color: #000000;\">Tr\u1ef1c quan h\u00f3a d\u1eef li\u1ec7u<\/span><\/li>\n<li><span style=\"color: #000000;\">Th\u1ef1c h\u00e0nh th\u1ed1ng k\u00ea m\u00f4 t\u1ea3<\/span><\/li>\n<\/ul>\n<p><a href=\"https:\/\/drive.google.com\/file\/d\/1gFtz8U5OwpslzBzG2ZKKT6K2brsPMtUy\/view?usp=share_link\">T\u00e0i li\u1ec7u<\/a><\/p>\n<p><span style=\"color: #000000;\"><strong><em>\u00a0<\/em><\/strong><strong><em>Chuy\u00ean \u0111\u1ec1 3. Ki\u1ec3m \u0111\u1ecbnh gi\u1ea3 thuy\u1ebft th\u1ed1ng k\u00ea<\/em><\/strong><\/span><\/p>\n<ul>\n<li><span style=\"color: #000000;\">Ki\u1ec3m \u0111\u1ecbnh chi b\u00ecnh ph\u01b0\u01a1ng<\/span><\/li>\n<li><span style=\"color: #000000;\">Ki\u1ec3m tra t<\/span><\/li>\n<li><span style=\"color: #000000;\">Ph\u00e2n t\u00edch ph\u01b0\u01a1ng sai<\/span><\/li>\n<li><span style=\"color: #000000;\">Ph\u00e2n t\u00edch t\u01b0\u01a1ng quan<\/span><\/li>\n<li><span style=\"color: #000000;\">Th\u1ef1c h\u00e0nh ki\u1ec3m \u0111\u1ecbnh gi\u1ea3 thuy\u1ebft<\/span><\/li>\n<\/ul>\n<p><a href=\"https:\/\/drive.google.com\/file\/d\/1OoWcdwlNqryQvwPOwwwc9-JX3Fb1B6_W\/view?usp=share_link\">T\u00e0i li\u1ec7u<\/a><\/p>\n<p><span style=\"color: #000000;\"><strong><em>Chuy\u00ean \u0111\u1ec1 4. \u0110\u00e1nh gi\u00e1 \u0111\u1ed9 tin c\u1eady thang \u0111o v\u00e0 ph\u00e2n t\u00edch nh\u00e2n t\u1ed1<\/em><\/strong><\/span><\/p>\n<ul>\n<li><span style=\"color: #000000;\">\u0110\u00e1nh gi\u00e1 \u0111\u1ed9 tin c\u1eady thang \u0111o<\/span><\/li>\n<li><span style=\"color: #000000;\">Ph\u00e2n t\u00edch nh\u00e2n t\u1ed1<\/span><\/li>\n<\/ul>\n<p><a href=\"https:\/\/drive.google.com\/file\/d\/16oe53JTy1xVHlsSbZx5M4FGKEmC4yX6L\/view?usp=share_link\">T\u00e0i li\u1ec7u<\/a><\/p>\n<p><span style=\"color: #000000;\"><strong><em>Chuy\u00ean \u0111\u1ec1 5. D\u1ef1 b\u00e1o trong kinh doanh\u00a0<\/em><\/strong><\/span><\/p>\n<ul>\n<li>C\u00e1c ph\u01b0\u01a1ng ph\u00e1p d\u1ef1 b\u00e1o c\u01a1 b\u1ea3n<\/li>\n<li><span style=\"color: #000000;\">L\u00fd thuy\u1ebft h\u1ed3i quy<\/span><\/li>\n<li><span style=\"color: #000000;\">H\u1ed3i quy \u0111\u01a1n bi\u1ebfn, <\/span><span style=\"color: #000000;\">\u0111a bi\u1ebfn<\/span><\/li>\n<li><span style=\"color: #000000;\">Th\u1ef1c h\u00e0nh ph\u00e2n t\u00edch h\u1ed3i quy tuy\u1ebfn t\u00ednh<\/span><\/li>\n<\/ul>\n<p><a href=\"https:\/\/drive.google.com\/file\/d\/1O7uJpjUovqniWdQSoO3AjVxCSFYRVOrS\/view?usp=share_link\">T\u00e0i li\u1ec7u<\/a><\/p>\n<p><span style=\"color: #000000;\"><strong><em>Chuy\u00ean \u0111\u1ec1 6. B\u00e1o c\u00e1o k\u1ebft qu\u1ea3 th\u1ed1ng k\u00ea v\u00e0 d\u1ef1 b\u00e1o <\/em><\/strong><\/span><\/p>\n<ul>\n<li><span style=\"color: #000000;\">Ph\u01b0\u01a1ng ph\u00e1p tr\u00ecnh b\u00e0y b\u00e1o c\u00e1o<\/span><\/li>\n<li>Tr\u00edch d\u1eabn<\/li>\n<li><span style=\"color: #000000;\">Th\u1ef1c h\u00e0nh vi\u1ebft b\u00e1o c\u00e1o<\/span><\/li>\n<\/ul>\n<p><a href=\"https:\/\/drive.google.com\/file\/d\/10hdw7I1zGgk35Fnmj01uX7kWpp7csRse\/view?usp=share_link\">T\u00e0i li\u1ec7u 1<\/a> &#8211; <a href=\"https:\/\/drive.google.com\/file\/d\/19IolxeliMXUSlX3zd0M8WA2P-4wfREM3\/view?usp=share_link\">T\u00e0i li\u1ec7u 2\u00a0<\/a><\/p>\n<p><span style=\"color: #000000;\"><strong>T\u00e0i li\u1ec7u tham kh\u1ea3o <\/strong><\/span><\/p>\n<p><span style=\"color: #000000;\">Hair, J. F., Black, W. C., Babin, B. J., &amp; Anderson, R. E. (2019). <a href=\"https:\/\/drive.google.com\/file\/d\/1rT9GOdPkW6RxPQ0IGWCidBEb345Npph7\/view?usp=share_link\"><em>Multivariate data analysis<\/em> <\/a>(Vol. 8). Hampshire, United Kingdom: Cengage Learning.<\/span><\/p>\n<p><span style=\"color: #000000;\">Ho\u00e0ng Tr\u1ecdng, &amp; Chu Nguy\u1ec5n M\u1ed9ng Ng\u1ecdc. (2008). <em>Ph\u00e2n t\u00edch d\u1eef li\u1ec7u nghi\u00ean c\u1ee9u v\u1edbi SPSS<\/em>. Th\u00e0nh ph\u1ed1 H\u1ed3 Ch\u00ed Minh: NXB H\u1ed3ng \u0110\u1ee9c.<\/span><\/p>\n<p><span style=\"color: #000000;\">Khoa, B. T., Anh, H. N., L\u00fd, N. M., &amp; Tr\u01b0\u1eddng, N. X. (2021). <a href=\"https:\/\/jst.iuh.edu.vn\/index.php\/jst-iuh\/article\/view\/947\/395\">\u1ea2nh h\u01b0\u1edfng c\u1ee7a m\u1ea1ng x\u00e3 h\u1ed9i Facebook \u0111\u1ebfn th\u00e1i \u0111\u1ed9 mua h\u00e0ng tr\u1ef1c tuy\u1ebfn c\u1ee7a gi\u1edbi tr\u1ebb trong th\u1eddi k\u1ef3 chuy\u1ec3n \u0111\u1ed5i s\u1ed1<\/a>. <em>T\u1ea1p ch\u00ed Khoa h\u1ecdc v\u00e0 C\u00f4ng ngh\u1ec7-IUH, 50<\/em>(02), 43-53.<\/span><\/p>\n<p><span style=\"color: #000000;\">Khoa, B. T., Kien, D. T., &amp; Oanh, L. T. K. (2021). <em><a href=\"https:\/\/drive.google.com\/file\/d\/1XxLq7_lowf4v2b2C9yueIsSrWvvWmKUi\/view?usp=share_link\">Students&#8217; Learning Management System Adoption Intention in COVID-19: An Integration of TPB and TTF Model<\/a>.<\/em> Paper presented at the 2021 7th International Conference on Education and Technology (ICET).<\/span><\/p>\n<p><span style=\"color: #000000;\">Nguy\u1ec5n \u0110\u00ecnh Th\u1ecd. (2011). <em>Ph\u01b0\u01a1ng ph\u00e1p nghi\u00ean c\u1ee9u khoa h\u1ecdc trong kinh doanh: Thi\u1ebft k\u1ebf v\u00e0 th\u1ef1c hi\u1ec7n<\/em>. Th\u00e0nh ph\u1ed1 H\u1ed3 Ch\u00ed Minh, Vi\u1ec7t Nam: NXB Lao \u0111\u1ed9ng-X\u00e3 h\u1ed9i.<\/span><\/p>\n<p><span style=\"color: #000000;\">Nguy\u1ec5n V\u0103n Th\u1eafng. (2013). <em>Th\u1ef1c h\u00e0nh nghi\u00ean c\u1ee9u trong kinh t\u1ebf v\u00e0 qu\u1ea3n tr\u1ecb kinh doanh<\/em>. H\u00e0 N\u1ed9i: NXB \u0110\u1ea1i h\u1ecdc kinh t\u1ebf qu\u1ed1c d\u00e2n.<\/span><\/p>\n<p>&nbsp;<\/p>\n","protected":false},"excerpt":{"rendered":"<p>TH\u1ed0NG K\u00ca V\u00c0 D\u1ef0 B\u00c1O TRONG KINH DOANH Gi\u1ea3ng vi\u00ean: Ti\u1ebfn s\u0129 B\u00f9i Th\u00e0nh Khoa (buithanhkhoa.com) Y\u00eau c\u1ea7u: H\u1ecdc vi\u00ean \u0111\u1ea3m b\u1ea3o tham gia t\u1ed1i thi\u1ec3u 80% gi\u1edd h\u1ecdc tr\u00ean l\u1edbp H\u1ecdc vi\u00ean c\u00e0i \u0111\u1eb7t ph\u1ea7n m\u1ec1m SPSS v\u00e0 mang&#8230;<\/p>\n","protected":false},"author":1,"featured_media":0,"parent":0,"menu_order":0,"comment_status":"closed","ping_status":"closed","template":"","meta":{"footnotes":""},"class_list":["post-13465","page","type-page","status-publish","hentry"],"_links":{"self":[{"href":"https:\/\/buithanhkhoa.com\/index.php?rest_route=\/wp\/v2\/pages\/13465","targetHints":{"allow":["GET"]}}],"collection":[{"href":"https:\/\/buithanhkhoa.com\/index.php?rest_route=\/wp\/v2\/pages"}],"about":[{"href":"https:\/\/buithanhkhoa.com\/index.php?rest_route=\/wp\/v2\/types\/page"}],"author":[{"embeddable":true,"href":"https:\/\/buithanhkhoa.com\/index.php?rest_route=\/wp\/v2\/users\/1"}],"replies":[{"embeddable":true,"href":"https:\/\/buithanhkhoa.com\/index.php?rest_route=%2Fwp%2Fv2%2Fcomments&post=13465"}],"version-history":[{"count":9,"href":"https:\/\/buithanhkhoa.com\/index.php?rest_route=\/wp\/v2\/pages\/13465\/revisions"}],"predecessor-version":[{"id":13478,"href":"https:\/\/buithanhkhoa.com\/index.php?rest_route=\/wp\/v2\/pages\/13465\/revisions\/13478"}],"wp:attachment":[{"href":"https:\/\/buithanhkhoa.com\/index.php?rest_route=%2Fwp%2Fv2%2Fmedia&parent=13465"}],"curies":[{"name":"wp","href":"https:\/\/api.w.org\/{rel}","templated":true}]}}